{"id":71,"date":"2023-11-28T21:09:50","date_gmt":"2023-11-28T21:09:50","guid":{"rendered":"https:\/\/omis.us.edu.pl\/?page_id=71"},"modified":"2026-03-26T06:56:34","modified_gmt":"2026-03-26T06:56:34","slug":"omis-2024","status":"publish","type":"page","link":"https:\/\/omis.us.edu.pl\/index.php\/omis-2024\/","title":{"rendered":"OMIS 2024"},"content":{"rendered":"\n<figure class=\"wp-block-image aligncenter size-full\"><img loading=\"lazy\" decoding=\"async\" width=\"934\" height=\"1222\" src=\"https:\/\/omis.us.edu.pl\/wp-content\/uploads\/2024\/03\/plakat2024-small-2.png\" alt=\"Conference poster:\nOriental meetings in Sosnowiec, 25th March 2024.\nAn interdisciplinary academic conference promoting intercultural dialogue, focusing on the languages, literatures and cultures of Oriental countires.\nSupported by European City of Science Katowice 2024, University of Silesia in Katowice, Shenyang University and city of Sosnowiec.\" class=\"wp-image-119\" srcset=\"https:\/\/omis.us.edu.pl\/wp-content\/uploads\/2024\/03\/plakat2024-small-2.png 934w, https:\/\/omis.us.edu.pl\/wp-content\/uploads\/2024\/03\/plakat2024-small-2-229x300.png 229w, https:\/\/omis.us.edu.pl\/wp-content\/uploads\/2024\/03\/plakat2024-small-2-783x1024.png 783w, https:\/\/omis.us.edu.pl\/wp-content\/uploads\/2024\/03\/plakat2024-small-2-768x1005.png 768w\" sizes=\"auto, (max-width: 934px) 100vw, 934px\" \/><\/figure>\n\n\n\n<p><strong>Venue<\/strong>: online on MS Teams and at the Institute of Linguistics, ul. Grota Roweckiego 5, 41-205 Sosnowiec, Poland.<br><strong>Conference languages<\/strong>:&nbsp;English \/ Polish.<br>Paper presentations:&nbsp;20 minutes for the presentation plus 5 minutes for the discussion.<br><strong>Abstract submission<\/strong>:&nbsp;Abstracts (no longer than 200 words, Times New Roman, 12 pts.) should be submitted in PDF or Word format to&nbsp;<strong><a href=\"mailto:konferencja.omis@gmail.com\" target=\"_blank\" rel=\"noreferrer noopener\">konferencja.omis@gmail.com<\/a><\/strong>&nbsp;by&nbsp;<s>18 February 2024<\/s> <strong>24 February 2024<\/strong>, along with the filled registration form in a PDF format. The body of the email should contain the author\u2019s first name and surname, affiliation and the title of the presentation.<br><strong>Paper acceptance notification<\/strong>:&nbsp;by&nbsp;<strong>26 February 2024<\/strong><br><strong>Conference fee<\/strong>:&nbsp;200 PLN \/ 45 euro (onsite presentation) or 150 PLN \/ 35 euro (online presentation) \u2013 participation without a presentation is free of charge.<\/p>\n\n\n\n<p><a href=\"https:\/\/docs.google.com\/document\/d\/1LL9onFE0OU80RJ8y_KM4t2hYLdSzCyJm\/edit?usp=sharing&amp;ouid=107350516171669746237&amp;rtpof=true&amp;sd=true\" data-type=\"link\" data-id=\"https:\/\/docs.google.com\/document\/d\/1LL9onFE0OU80RJ8y_KM4t2hYLdSzCyJm\/edit?usp=sharing&amp;ouid=107350516171669746237&amp;rtpof=true&amp;sd=true\">Registration form in Polish<\/a><br><a href=\"https:\/\/docs.google.com\/document\/d\/1UgzX8KHsUVNQ60EQ612u0r810ZR5Jk5j\/edit?usp=sharing&amp;ouid=107350516171669746237&amp;rtpof=true&amp;sd=true\" data-type=\"link\" data-id=\"https:\/\/docs.google.com\/document\/d\/1UgzX8KHsUVNQ60EQ612u0r810ZR5Jk5j\/edit?usp=sharing&amp;ouid=107350516171669746237&amp;rtpof=true&amp;sd=true\">Registration form in English<\/a><\/p>\n\n\n\n<p class=\"has-text-align-center\"><strong>Dates:<\/strong><\/p>\n\n\n\n<p>Abstract submission: <s>by 18 February 2024<\/s> <br>(extended deadline: <strong>by 24 February 2024<\/strong>)<br>Acceptance notification: <strong>by 26 February 2024<\/strong><br>Payment: <strong>by 15 March 2024<\/strong><br>Conference: <strong>25 March 2024<\/strong><\/p>\n\n\n\n<p class=\"has-text-align-center\"><strong>Contact:<\/strong><\/p>\n\n\n\n<p class=\"has-text-align-center\"><a href=\"mailto:konferencja.omis@gmail.com\" target=\"_blank\" rel=\"noreferrer noopener\">konferencja.omis@gmail.com<\/a><\/p>\n\n\n\n<p class=\"has-text-align-center\"><strong>Organising committee:<\/strong><\/p>\n\n\n\n<p class=\"has-text-align-center\"><strong>University of Silesia in Katowice (POLAND)<\/strong><br>dr hab. Agnieszka Solska, prof. U\u015a<br>dr Katarzyna Ba\u0144ka-Or\u0142owska<br>mgr Joanna Ryszka<br>mgr Martyna Stanisz<br>mgr Dariusz Jakubowski<\/p>\n\n\n\n<p class=\"has-text-align-center\"><strong>Northeastern University (CHINA)<\/strong><br>prof. Boran Wang<br>prof. Gefei Dong<br>prof. Yang Li<br>prof. Lixin Gao<br>prof. Rui Guo<\/p>\n\n\n\n<figure class=\"wp-block-image alignwide size-full\"><img loading=\"lazy\" decoding=\"async\" width=\"1910\" height=\"1220\" src=\"https:\/\/omis.us.edu.pl\/wp-content\/uploads\/2024\/03\/program1.png\" alt=\"\" class=\"wp-image-108\" srcset=\"https:\/\/omis.us.edu.pl\/wp-content\/uploads\/2024\/03\/program1.png 1910w, https:\/\/omis.us.edu.pl\/wp-content\/uploads\/2024\/03\/program1-300x192.png 300w, https:\/\/omis.us.edu.pl\/wp-content\/uploads\/2024\/03\/program1-1024x654.png 1024w, https:\/\/omis.us.edu.pl\/wp-content\/uploads\/2024\/03\/program1-768x491.png 768w, https:\/\/omis.us.edu.pl\/wp-content\/uploads\/2024\/03\/program1-1536x981.png 1536w\" sizes=\"auto, (max-width: 1910px) 100vw, 1910px\" \/><\/figure>\n\n\n\n<figure class=\"wp-block-image alignwide size-full\"><img loading=\"lazy\" decoding=\"async\" width=\"1910\" height=\"1220\" src=\"https:\/\/omis.us.edu.pl\/wp-content\/uploads\/2024\/03\/program2.png\" alt=\"\" class=\"wp-image-109\" srcset=\"https:\/\/omis.us.edu.pl\/wp-content\/uploads\/2024\/03\/program2.png 1910w, https:\/\/omis.us.edu.pl\/wp-content\/uploads\/2024\/03\/program2-300x192.png 300w, https:\/\/omis.us.edu.pl\/wp-content\/uploads\/2024\/03\/program2-1024x654.png 1024w, https:\/\/omis.us.edu.pl\/wp-content\/uploads\/2024\/03\/program2-768x491.png 768w, https:\/\/omis.us.edu.pl\/wp-content\/uploads\/2024\/03\/program2-1536x981.png 1536w\" sizes=\"auto, (max-width: 1910px) 100vw, 1910px\" \/><\/figure>\n\n\n\n<figure class=\"wp-block-image alignwide size-full\"><img loading=\"lazy\" decoding=\"async\" width=\"1910\" height=\"1220\" src=\"https:\/\/omis.us.edu.pl\/wp-content\/uploads\/2024\/03\/program3.png\" alt=\"\" class=\"wp-image-110\" srcset=\"https:\/\/omis.us.edu.pl\/wp-content\/uploads\/2024\/03\/program3.png 1910w, https:\/\/omis.us.edu.pl\/wp-content\/uploads\/2024\/03\/program3-300x192.png 300w, https:\/\/omis.us.edu.pl\/wp-content\/uploads\/2024\/03\/program3-1024x654.png 1024w, https:\/\/omis.us.edu.pl\/wp-content\/uploads\/2024\/03\/program3-768x491.png 768w, https:\/\/omis.us.edu.pl\/wp-content\/uploads\/2024\/03\/program3-1536x981.png 1536w\" sizes=\"auto, (max-width: 1910px) 100vw, 1910px\" \/><\/figure>\n","protected":false},"excerpt":{"rendered":"<p>Venue: online on MS Teams and at the Institute of Linguistics, ul. Grota Roweckiego 5, 41-205 Sosnowiec, Poland.Conference languages:&nbsp;English \/ Polish.Paper presentations:&nbsp;20 minutes for the presentation plus 5 minutes for the discussion.Abstract submission:&nbsp;Abstracts (no longer than 200 words, Times New Roman, 12 pts.) should be submitted in PDF or Word format to&nbsp;konferencja.omis@gmail.com&nbsp;by&nbsp;18 February 2024 24 [&hellip;]<\/p>\n","protected":false},"author":1,"featured_media":0,"parent":0,"menu_order":0,"comment_status":"closed","ping_status":"closed","template":"","meta":{"footnotes":""},"class_list":["post-71","page","type-page","status-publish","hentry"],"_links":{"self":[{"href":"https:\/\/omis.us.edu.pl\/index.php\/wp-json\/wp\/v2\/pages\/71","targetHints":{"allow":["GET"]}}],"collection":[{"href":"https:\/\/omis.us.edu.pl\/index.php\/wp-json\/wp\/v2\/pages"}],"about":[{"href":"https:\/\/omis.us.edu.pl\/index.php\/wp-json\/wp\/v2\/types\/page"}],"author":[{"embeddable":true,"href":"https:\/\/omis.us.edu.pl\/index.php\/wp-json\/wp\/v2\/users\/1"}],"replies":[{"embeddable":true,"href":"https:\/\/omis.us.edu.pl\/index.php\/wp-json\/wp\/v2\/comments?post=71"}],"version-history":[{"count":17,"href":"https:\/\/omis.us.edu.pl\/index.php\/wp-json\/wp\/v2\/pages\/71\/revisions"}],"predecessor-version":[{"id":226,"href":"https:\/\/omis.us.edu.pl\/index.php\/wp-json\/wp\/v2\/pages\/71\/revisions\/226"}],"wp:attachment":[{"href":"https:\/\/omis.us.edu.pl\/index.php\/wp-json\/wp\/v2\/media?parent=71"}],"curies":[{"name":"wp","href":"https:\/\/api.w.org\/{rel}","templated":true}]}}