{"id":34,"date":"2021-01-15T16:17:00","date_gmt":"2021-01-15T16:17:00","guid":{"rendered":"https:\/\/omis.us.edu.pl\/?page_id=34"},"modified":"2024-03-16T09:04:26","modified_gmt":"2024-03-16T09:04:26","slug":"omis2021","status":"publish","type":"page","link":"https:\/\/omis.us.edu.pl\/index.php\/omis2021\/","title":{"rendered":"OMIS2021"},"content":{"rendered":"\n<figure class=\"wp-block-image size-large\"><img loading=\"lazy\" decoding=\"async\" width=\"724\" height=\"1024\" src=\"https:\/\/omis.us.edu.pl\/wp-content\/uploads\/2023\/01\/palakat-1-724x1024.jpg\" alt=\"Conference poster:\nOriental meetings in Sosnowiec, 24th September 2021.\nAn interdisciplinary academic conference promoting intercultural dialogue, focusing on the languages, literatures and cultures of Oriental countires.\nSupported by University of Silesia in Katowice, Mi\u0119dzywydzia\u0142owe Ko\u0142o Naukowe Kultury i Prawa Chi\u0144kiego, and city of Sosnowiec.\" class=\"wp-image-35\" srcset=\"https:\/\/omis.us.edu.pl\/wp-content\/uploads\/2023\/01\/palakat-1-724x1024.jpg 724w, https:\/\/omis.us.edu.pl\/wp-content\/uploads\/2023\/01\/palakat-1-212x300.jpg 212w, https:\/\/omis.us.edu.pl\/wp-content\/uploads\/2023\/01\/palakat-1-768x1086.jpg 768w, https:\/\/omis.us.edu.pl\/wp-content\/uploads\/2023\/01\/palakat-1-1086x1536.jpg 1086w, https:\/\/omis.us.edu.pl\/wp-content\/uploads\/2023\/01\/palakat-1.jpg 1191w\" sizes=\"auto, (max-width: 724px) 100vw, 724px\" \/><\/figure>\n\n\n\n<p class=\"has-text-align-center\">The Institute of Linguistics of the University of Silesia, the only university department in Poland offering translation study programmes with Arabic, Chinese, Japanese, Korean and languages of India, is pleased to announce<\/p>\n\n\n\n<p class=\"has-text-align-center\"><strong>THE ORIENTAL MEETINGS IN SOSNOWIEC<br>(SOSNOWIECKIE SPOTKANIA ORIENTALISTYCZNE)<\/strong><\/p>\n\n\n\n<p>An interdisciplinary academic conference promoting intercultural dialogue addressed to young scholars, including postgraduate and graduate students, whose research interests focus on the languages, literature and cultures of Oriental countries, especially Arabic-speaking countries, Central Asian countries, China, Japan and India.<\/p>\n\n\n\n<p>The conference will explore a wide spectrum of topics ranging from the ancient civilizations to the present-day cultures and languages of these regions in all their richness and diversity.<\/p>\n\n\n\n<p><strong>Venue: <\/strong>MS Teams &amp; The Institute of Linguistics, ul. Grota Roweckiego 5, 41-205 Sosnowiec, Poland.<br><strong>Conference languages: <\/strong>English \/ Polish.<br><strong>Paper presentations:<\/strong> 20 minutes for the presentation plus 5 minutes for the discussion.<br><strong>Abstract submission: <\/strong>Abstracts (no longer than 250 words, Times New Roman, 12 pts.) should be submitted in PDF or Word format to <em>konferencja.omis@gmail.com <\/em>by <strong>12 September 2021<\/strong>, along with filled registration forms. The body of the email should contain the author\u2019s first name and surname, affiliation and the title of the presentation.<br><strong>Paper acceptance notification:<\/strong> by 15 September 2021<br><strong>Conference fee: <\/strong>no fee<\/p>\n\n\n\n<p class=\"has-text-align-center\"><strong>Organising Committee:<\/strong><br>dr Katarzyna Ba\u0144ka-Or\u0142owska<br>dr Maria Spiechowicz<br>mgr Dariusz Jakubowski<br>mgr Aleksander Bogusz<\/p>\n","protected":false},"excerpt":{"rendered":"<p>The Institute of Linguistics of the University of Silesia, the only university department in Poland offering translation study programmes with Arabic, Chinese, Japanese, Korean and languages of India, is pleased to announce THE ORIENTAL MEETINGS IN SOSNOWIEC(SOSNOWIECKIE SPOTKANIA ORIENTALISTYCZNE) An interdisciplinary academic conference promoting intercultural dialogue addressed to young scholars, including postgraduate and graduate students, [&hellip;]<\/p>\n","protected":false},"author":1,"featured_media":0,"parent":0,"menu_order":0,"comment_status":"closed","ping_status":"closed","template":"","meta":{"footnotes":""},"class_list":["post-34","page","type-page","status-publish","hentry"],"_links":{"self":[{"href":"https:\/\/omis.us.edu.pl\/index.php\/wp-json\/wp\/v2\/pages\/34","targetHints":{"allow":["GET"]}}],"collection":[{"href":"https:\/\/omis.us.edu.pl\/index.php\/wp-json\/wp\/v2\/pages"}],"about":[{"href":"https:\/\/omis.us.edu.pl\/index.php\/wp-json\/wp\/v2\/types\/page"}],"author":[{"embeddable":true,"href":"https:\/\/omis.us.edu.pl\/index.php\/wp-json\/wp\/v2\/users\/1"}],"replies":[{"embeddable":true,"href":"https:\/\/omis.us.edu.pl\/index.php\/wp-json\/wp\/v2\/comments?post=34"}],"version-history":[{"count":2,"href":"https:\/\/omis.us.edu.pl\/index.php\/wp-json\/wp\/v2\/pages\/34\/revisions"}],"predecessor-version":[{"id":124,"href":"https:\/\/omis.us.edu.pl\/index.php\/wp-json\/wp\/v2\/pages\/34\/revisions\/124"}],"wp:attachment":[{"href":"https:\/\/omis.us.edu.pl\/index.php\/wp-json\/wp\/v2\/media?parent=34"}],"curies":[{"name":"wp","href":"https:\/\/api.w.org\/{rel}","templated":true}]}}