{"id":27,"date":"2019-01-15T16:06:00","date_gmt":"2019-01-15T16:06:00","guid":{"rendered":"https:\/\/omis.us.edu.pl\/?page_id=27"},"modified":"2024-03-16T09:06:02","modified_gmt":"2024-03-16T09:06:02","slug":"omis2019","status":"publish","type":"page","link":"https:\/\/omis.us.edu.pl\/index.php\/omis2019\/","title":{"rendered":"OMIS2019"},"content":{"rendered":"\n<p><\/p>\n\n\n\n<figure class=\"wp-block-image size-large\"><img loading=\"lazy\" decoding=\"async\" width=\"724\" height=\"1024\" src=\"https:\/\/omis.us.edu.pl\/wp-content\/uploads\/2023\/01\/39517828_2357645724262143_5428694269638475776_n-724x1024.jpg\" alt=\"Conference poster:\nOriental meetings in Sosnowiec, 10t-11 January 2019.\nAn interdisciplinary academic conference promoting intercultural dialogue, focusing on the languages, literatures and cultures of Oriental countires.\nSupported by University of Silesia in Katowice.\" class=\"wp-image-48\" srcset=\"https:\/\/omis.us.edu.pl\/wp-content\/uploads\/2023\/01\/39517828_2357645724262143_5428694269638475776_n-724x1024.jpg 724w, https:\/\/omis.us.edu.pl\/wp-content\/uploads\/2023\/01\/39517828_2357645724262143_5428694269638475776_n-212x300.jpg 212w, https:\/\/omis.us.edu.pl\/wp-content\/uploads\/2023\/01\/39517828_2357645724262143_5428694269638475776_n-768x1086.jpg 768w, https:\/\/omis.us.edu.pl\/wp-content\/uploads\/2023\/01\/39517828_2357645724262143_5428694269638475776_n.jpg 842w\" sizes=\"auto, (max-width: 724px) 100vw, 724px\" \/><\/figure>\n\n\n\n<p><strong>10 January 2019 from 10:00 \u2013 11 January 2019 to 15:00<\/strong><\/p>\n\n\n\n<p>An interdisciplinary academic conference promoting intercultural dialogue addressed to young scholars, including postgraduate and undergraduate students,&nbsp;whose research interests focus on the languages, literature and cultures of Oriental countries&nbsp;(especially Arabic-speaking countries, China, Japan and India).<\/p>\n\n\n\n<p>The conference will explore a wide spectrum of topics ranging from&nbsp;the ancient civilisations to the present-day cultures and languages of this region in all their richness and diversity.<\/p>\n\n\n\n<p>We are planning a peer-reviewed publication of conference papers.<\/p>\n\n\n\n<p><\/p>\n\n\n\n<p class=\"has-text-align-center\"><strong>PL<\/strong><\/p>\n\n\n\n<p>Instytut J\u0119zyka Angielskiego Uniwersytetu \u015al\u0105skiego, jako jedyny w Polsce prowadz\u0105cy programy studi\u00f3w t\u0142umaczeniowych z j\u0119zykami arabskim, chi\u0144skim, japo\u0144skim, korea\u0144skim oraz j\u0119zykami Indii, ma przyjemno\u015b\u0107 zaprosi\u0107 na konferencj\u0119 naukow\u0105 <strong>THE ORIENTAL MEETINGS IN SOSNOWIEC (SOSNOWIECKIE SPOTKANIA ORIENTALISTYCZNE)<\/strong>. Interdyscyplinarn\u0105, promuj\u0105c\u0105 dialog mi\u0119dzykulturowy konferencj\u0119, skierowan\u0105 do m\u0142odych adept\u00f3w nauki \u2013 tak\u017ce doktorant\u00f3w i student\u00f3w \u2013 zajmuj\u0105cych si\u0119 w swych badaniach j\u0119zykami, kulturami oraz spo\u0142ecze\u0144stwami kraj\u00f3w orientalnych \u2013 szeroko poj\u0119tego Bliskiego oraz Dalekiego Wschodu, a tak\u017ce Indii. Zakres tematyczny konferencji obejmuje szerokie spektrum zagadnie\u0144 dotycz\u0105cych zar\u00f3wno staro\u017cytnych cywilizacji jak i wsp\u00f3\u0142czesnego oblicza tych region\u00f3w z ca\u0142ym bogactwem ich kultur oraz j\u0119zyk\u00f3w.<\/p>\n\n\n\n<p class=\"has-text-align-center\"><strong>The Conference Organizing Committee:<\/strong><br>&nbsp;<br>dr Katarzyna Ba\u0144ka<br>mgr Maria Spiechowicz<br>mgr Dariusz Jakubowski<br>mgr Aleksander Bogusz<\/p>\n","protected":false},"excerpt":{"rendered":"<p>10 January 2019 from 10:00 \u2013 11 January 2019 to 15:00 An interdisciplinary academic conference promoting intercultural dialogue addressed to young scholars, including postgraduate and undergraduate students,&nbsp;whose research interests focus on the languages, literature and cultures of Oriental countries&nbsp;(especially Arabic-speaking countries, China, Japan and India). The conference will explore a wide spectrum of topics ranging [&hellip;]<\/p>\n","protected":false},"author":1,"featured_media":0,"parent":0,"menu_order":0,"comment_status":"closed","ping_status":"closed","template":"","meta":{"footnotes":""},"class_list":["post-27","page","type-page","status-publish","hentry"],"_links":{"self":[{"href":"https:\/\/omis.us.edu.pl\/index.php\/wp-json\/wp\/v2\/pages\/27","targetHints":{"allow":["GET"]}}],"collection":[{"href":"https:\/\/omis.us.edu.pl\/index.php\/wp-json\/wp\/v2\/pages"}],"about":[{"href":"https:\/\/omis.us.edu.pl\/index.php\/wp-json\/wp\/v2\/types\/page"}],"author":[{"embeddable":true,"href":"https:\/\/omis.us.edu.pl\/index.php\/wp-json\/wp\/v2\/users\/1"}],"replies":[{"embeddable":true,"href":"https:\/\/omis.us.edu.pl\/index.php\/wp-json\/wp\/v2\/comments?post=27"}],"version-history":[{"count":5,"href":"https:\/\/omis.us.edu.pl\/index.php\/wp-json\/wp\/v2\/pages\/27\/revisions"}],"predecessor-version":[{"id":126,"href":"https:\/\/omis.us.edu.pl\/index.php\/wp-json\/wp\/v2\/pages\/27\/revisions\/126"}],"wp:attachment":[{"href":"https:\/\/omis.us.edu.pl\/index.php\/wp-json\/wp\/v2\/media?parent=27"}],"curies":[{"name":"wp","href":"https:\/\/api.w.org\/{rel}","templated":true}]}}