{"id":166,"date":"2025-03-16T11:58:38","date_gmt":"2025-03-16T11:58:38","guid":{"rendered":"https:\/\/omis.us.edu.pl\/?page_id=166"},"modified":"2025-03-18T07:25:19","modified_gmt":"2025-03-18T07:25:19","slug":"omis2015","status":"publish","type":"page","link":"https:\/\/omis.us.edu.pl\/index.php\/omis2015\/","title":{"rendered":"OMIS2015"},"content":{"rendered":"\n<p class=\"has-text-align-center\"><strong>The Institute of English, University of Silesia<\/strong> <strong>in Katowice the only university department in Poland offering<\/strong> <strong>translation study programs with <\/strong><br><strong>Arabic, Chinese, Japanese and the languages of India,<\/strong><br><strong>is pleased to announce<br><\/strong><\/p>\n\n\n\n<figure class=\"wp-block-image aligncenter size-full\"><img loading=\"lazy\" decoding=\"async\" width=\"463\" height=\"121\" src=\"https:\/\/omis.us.edu.pl\/wp-content\/uploads\/2025\/03\/OMIS-logo.jpg\" alt=\"\" class=\"wp-image-174\" srcset=\"https:\/\/omis.us.edu.pl\/wp-content\/uploads\/2025\/03\/OMIS-logo.jpg 463w, https:\/\/omis.us.edu.pl\/wp-content\/uploads\/2025\/03\/OMIS-logo-300x78.jpg 300w\" sizes=\"auto, (max-width: 463px) 100vw, 463px\" \/><\/figure>\n\n\n\n<p class=\"has-text-align-center has-large-font-size\"><strong>The Oriental Meetings In Sosnowiec<\/strong><br>(<strong>S<\/strong>osnowieckie <strong>S<\/strong>potkania <strong>O<\/strong>rientalistyczne)<\/p>\n\n\n\n<p class=\"has-text-align-center\"><strong>Sosnowiec, 2-3.12.2015<\/strong><strong><\/strong><\/p>\n\n\n\n<p class=\"has-text-align-center\"><strong>An interdisciplinary academic conference promoting intercultural dialogue,<\/strong> <strong>addressed to young scholars, including postgraduate and graduate students,<\/strong> <strong>whose research interests focus on<\/strong> <strong>the languages, literatures and cultures of Oriental countries, especially Arabic-speaking countries, China, Japan and India.<\/strong> <strong>The conference will explore a wide spectrum of topics<\/strong> <strong>ranging from the ancient civilisations to the present-day<\/strong> <strong>cultures and languages of these regions<\/strong> <strong>in all their richness and diversity<\/strong>.<\/p>\n\n\n\n<p class=\"has-text-align-center\"><strong>We are planning a peer-reviewed publication of conference papers.<\/strong><strong><\/strong><\/p>\n\n\n\n<p><strong><u>Venue<\/u>:<\/strong> Modern Languages Centre, ul. Grota Roweckiego 5, 41-205 Sosnowiec, Poland<br><strong><u>Conference languages<\/u>:<\/strong> English and Polish<br><strong><u>Paper presentations<\/u>:<\/strong> 20 minutes for the presentation plus 10 minutes for the discussion<br><strong><u>Webpage<\/u>:<\/strong>\u00a0 <a href=\"http:\/\/uranos.cto.us.edu.pl\/~icfsla\/omis\/\">http:\/\/uranos.cto.us.edu.pl\/~icfsla\/omis\/<\/a><br><strong><u>Abstract submission<\/u>: <\/strong>Abstracts (not longer than 250 words, Times New Roman, 12 pts) should be submitted in the PDF or Word format to <a href=\"mailto:omis2015us@gmail.com\">omis2015us@gmail.com<\/a> by 10.10.2015. The body of the email should contain the author\u2019s first name and surname, affiliation and the title of the presentation.<br><strong><u>Paper acceptance notification<\/u>:<\/strong> by 20.10.2015<br><strong><u>Registration<\/u>: <\/strong>by 03.11.2015 (Registration form to be downloaded from the webpage)<br><strong><u>Conference fee<\/u>: <\/strong>300 PLN\/75 EUR (180 PLN\/45 EUR for postgraduate and graduate students) to cover the cost of conference materials, coffee breaks, two lunches, the conference dinner and the subsequent publication of selected articles in a reviewed volume<br><strong><u>Travel and accommodation<\/u>:<\/strong> The costs to be covered by the participants (for details see our webpage)<\/p>\n\n\n\n<p class=\"has-text-align-center\"><strong><u>Organizing Committee<\/u>:<\/strong> <br>Andrzej \u0141yda, Prof. <br>Kamila Junik-\u0141uniewska, PhD <br>Agnieszka Solska, PhD <br>Krzysztof Olszewski, PhD <br>Beata Abdallah-Krzepkowska, PhD <br>El\u017cbieta Pro\u0144, PhD <br>Katarzyna Ba\u0144ka, MA <br>Maria Spiechowicz, MA<\/p>\n\n\n\n<p class=\"has-text-align-center\"><strong><u>Contact<\/u><\/strong>: Kamila Junik-\u0141uniewska <a href=\"mailto:omis2015us@gmail.com\">omis2015us@gmail.com<\/a><br>nstytut J\u0119zyka Angielskiego +48 32 3640 892, +48 32 3640 814<\/p>\n\n\n\n<p class=\"has-text-align-center\"><img loading=\"lazy\" decoding=\"async\" width=\"54\" height=\"54\" src=\"blob:https:\/\/omis.us.edu.pl\/3ce22ad2-1c69-4151-9631-c83af472a7f0\" alt=\"ija-beige2mini\">                                                  <img loading=\"lazy\" decoding=\"async\" width=\"59\" height=\"58\" src=\"blob:https:\/\/omis.us.edu.pl\/246ca4d4-0764-4700-b158-db0be856afce\" alt=\"wwb_img3_01\"><\/p>\n\n\n\n<p><\/p>\n\n\n\n<p class=\"has-text-align-center\"><strong>Programme of the conference:<\/strong><\/p>\n\n\n\n<figure class=\"wp-block-table alignwide has-small-font-size\"><table><tbody><tr><td>09:00-10:00<\/td><td colspan=\"2\"><strong>REGISTRATION<\/strong> <br><strong>main hall by the entrance<\/strong><\/td><\/tr><tr><td>09:45-10:00<\/td><td colspan=\"2\"><strong>OPENING<\/strong><br>A welcoming speech by<strong> prof. dr hab. Andrzej \u0141yda<\/strong> <strong>(rm 1.46)<\/strong><\/td><\/tr><tr><td rowspan=\"2\">10:00-11:30<\/td><td><strong>LANGUAGE AND CULTURE <\/strong><br><strong>(rm 1.48<\/strong> <strong>chair: Sabina Sweta Sen)<\/strong><\/td><td><strong>CULTURE<\/strong><br><strong>(rm 1.46<\/strong> <strong>chair: Maria Spiechowicz)<\/strong><\/td><\/tr><tr><td><strong>Jakub Gajda:<\/strong><br>Polityka kulturowa Islamskiej Republiki Iranu <br><strong>Magdalena Zawrotna:<\/strong><br>Prze\u0142\u0105czanie kod\u00f3w j\u0119zykowych w Egipcie: Struktura i funkcje spo\u0142eczne <br><strong>Karolina Jaworska:<br><\/strong>Lexical chains in Arabic short texts \u2013<br>characteristics and distribution<\/td><td><strong>Marcelina Mrowiec:<\/strong><br>Trywializacja kultury japo\u0144skiej w mediach masowych <br><strong>Julian Marcin\u00f3w<\/strong>:<br>Wsp\u00f3\u0142cze\u015bni samurajowie? Ewolucja modelu spo\u0142ecznego <em>salarymana<\/em> w Japonii XX i pierwszych lat XXI wieku <br><strong>Zuzanna Fluder:<\/strong><br>Czy istnieje filozofia japo\u0144ska?<\/td><\/tr><tr><td>11:30-12:00<\/td><td colspan=\"2\"><strong>COFFEE BREAK (rm 4.63)<\/strong><\/td><\/tr><tr><td rowspan=\"2\">12:00-13:00<\/td><td><strong>LANGUAGE ACQUISITION<\/strong><br><strong>(rm 1.48<\/strong> <strong>chair: El\u017cbieta Pro\u0144<\/strong>)<\/td><td><strong>CULTURE AND HISTORY<\/strong><br><strong>(rm 1.46 chair: Julian Marcin\u00f3w)<\/strong><\/td><\/tr><tr><td><strong>Katarzyna Ba\u0144ka:<\/strong><br>Chinese characters acquisition by means of visual collocations <br><strong>Katarzyna Knoll:<\/strong><br><em>D\u00f9zi b\u01ceole<\/em> or <em>t\u00f9z\u01d0 p\u01ceole<\/em>? The perception of Mandarin word-initial stops by Poles<\/td><td><strong>Wojciech Jerzy Nowak: <br><\/strong><em>Kiby\u014dshi<\/em>, ksi\u0105\u017cki wi\u0119cej ni\u017c ilustrowane \u2013 intermedialno\u015b\u0107 w japo\u0144skiej literaturze popularnej okresu Edo (1603 \u2013 1868) <br><strong>Agnieszka Batko:<\/strong><br>The museums\u2019 discourse: a comparative analysis of history museums in Japan and South Korea<\/td><\/tr><tr><td>13:00-14:00<\/td><td colspan=\"2\"><strong>LUNCH (rm 4.63)<\/strong><\/td><\/tr><tr><td rowspan=\"2\">14:00-15:00<\/td><td><strong>LANGUAGE AND CULTURE<\/strong><br><strong>(rm 1.48<\/strong> <strong>chair: Rafa\u0142 Kwieci\u0144ski)<\/strong><\/td><td><strong>LANGUAGE AND CULTURE<\/strong><br><strong>(rm 1.46 chair: Karolina Jaworska)<\/strong><\/td><\/tr><tr><td><strong>Hanna Kup\u015b:<\/strong><br>\u0179r\u00f3d\u0142a wiedzy o muzyce staro\u017cytnych Chin <br><strong>Agnieszka Solska: <\/strong>\u00a0<br><em>Shuanguan<\/em> vs. puns: a contrastive analysis of ambiguity-based wordplay in Chinese and English<\/td><td><strong>Sabina Sweta Sen:<\/strong><br>Living the <em>abhinaya<\/em>: sensory-somatic approaches to <em>rasa-bh\u0101va <\/em>in Odissi dance <br><strong>Dagmara Wasilewska:<\/strong><br>Paradoks (<em>acintyatva<\/em>) w filozofii D\u017aiwy Goswamina<\/td><\/tr><tr><td>15:00-15:30<\/td><td colspan=\"2\"><strong>COFFEE BREAK (rm 4.63)<\/strong><\/td><\/tr><tr><td>15:30-16:00<\/td><td colspan=\"2\"><strong>CULTURE [Video presentation] <\/strong><br><strong>Andrew Woollock:\u00a0<\/strong>Transposing <em>e-ma <\/em>as arts-based practice for community engagement: a critical enquiry<br><strong>(rm 1.46<\/strong> <strong>chair: Agnieszka Solska)<\/strong><\/td><\/tr><tr><td rowspan=\"2\">16:00-17:00<\/td><td><strong>SOCIAL AND ECONOMIC CHALLENGES FACING<\/strong><br><strong>(rm 1.48<\/strong> <strong>chair: Hanna Kup\u015b)<\/strong><\/td><td><strong>LANGUAGE AND CULTURE<\/strong><br><strong>(rm 1.46<\/strong> <strong>chair: Zuzanna Fluder<\/strong><\/td><\/tr><tr><td><strong>Rafa\u0142 Kwieci\u0144ski:<br><\/strong>Dylematy rozwoju spo\u0142eczno-gospodarczego wsp\u00f3\u0142czesnych Chin <br><strong>El\u017cbieta Pro\u0144:<\/strong><br>China and international organizations \u2013 lessons from 20 years in the Shanghai Cooperation Organization<\/td><td><strong>Krzysztof Olszewski:<br><\/strong>\u201eS\u0142ownik online gramatyki j\u0119zyka japo\u0144skiego\u201d \u2013 za\u0142o\u017cenia metodologiczne projektu <br><strong>Maria Spiechowicz:<\/strong><br><em>Yoroshiku onegaishimasu <\/em>\u2013 koncepcja \u201etwarzy\u201d czy \u201estanowiska\u201d? Rodzaj grzeczno\u015bci w formule grzeczno\u015bciowej<\/td><\/tr><tr><td>17:00-17:15<\/td><td colspan=\"2\"><strong>CLOSING (rm 1.46)<\/strong><\/td><\/tr><tr><td>17:45-<\/td><td colspan=\"2\"><strong>CONFERENCE DINNER <\/strong><br><strong>(<em>Manufaktura <\/em>restaurant)<\/strong><\/td><\/tr><\/tbody><\/table><\/figure>\n\n\n\n<p><\/p>\n","protected":false},"excerpt":{"rendered":"<p>The Institute of English, University of Silesia in Katowice the only university department in Poland offering translation study programs with Arabic, Chinese, Japanese and the languages of India,is pleased to announce The Oriental Meetings In Sosnowiec(Sosnowieckie Spotkania Orientalistyczne) Sosnowiec, 2-3.12.2015 An interdisciplinary academic conference promoting intercultural dialogue, addressed to young scholars, including postgraduate and graduate [&hellip;]<\/p>\n","protected":false},"author":1,"featured_media":0,"parent":0,"menu_order":0,"comment_status":"closed","ping_status":"closed","template":"","meta":{"footnotes":""},"class_list":["post-166","page","type-page","status-publish","hentry"],"_links":{"self":[{"href":"https:\/\/omis.us.edu.pl\/index.php\/wp-json\/wp\/v2\/pages\/166","targetHints":{"allow":["GET"]}}],"collection":[{"href":"https:\/\/omis.us.edu.pl\/index.php\/wp-json\/wp\/v2\/pages"}],"about":[{"href":"https:\/\/omis.us.edu.pl\/index.php\/wp-json\/wp\/v2\/types\/page"}],"author":[{"embeddable":true,"href":"https:\/\/omis.us.edu.pl\/index.php\/wp-json\/wp\/v2\/users\/1"}],"replies":[{"embeddable":true,"href":"https:\/\/omis.us.edu.pl\/index.php\/wp-json\/wp\/v2\/comments?post=166"}],"version-history":[{"count":3,"href":"https:\/\/omis.us.edu.pl\/index.php\/wp-json\/wp\/v2\/pages\/166\/revisions"}],"predecessor-version":[{"id":175,"href":"https:\/\/omis.us.edu.pl\/index.php\/wp-json\/wp\/v2\/pages\/166\/revisions\/175"}],"wp:attachment":[{"href":"https:\/\/omis.us.edu.pl\/index.php\/wp-json\/wp\/v2\/media?parent=166"}],"curies":[{"name":"wp","href":"https:\/\/api.w.org\/{rel}","templated":true}]}}